{"id":597,"date":"2018-11-08T07:01:35","date_gmt":"2018-11-08T07:01:35","guid":{"rendered":"https:\/\/jthemes.net\/themes\/wp\/appset\/demos\/?page_id=597"},"modified":"2023-07-31T06:58:20","modified_gmt":"2023-07-31T06:58:20","slug":"layout-09","status":"publish","type":"page","link":"https:\/\/flagsquiz.letovaltsev.com\/","title":{"rendered":"Main page"},"content":{"rendered":"<section class=\"wpb-content-wrapper\"><p>[vc_section enable_inner=&#8221;yes&#8221; section_type=&#8221;hero&#8221; hero_type=&#8221;9&#8243; inner_bg_class=&#8221;bg-lightgrey&#8221; parallax_image_attachment=&#8221;inherit&#8221; padding_class=&#8221;&#8221;][vc_row parallax_image_attachment=&#8221;inherit&#8221; el_id=&#8221;hero-9-content&#8221; el_class=&#8221;hero-9-text&#8221;][vc_column]\r\n        <div class=\"hero-txt text-center\"> \r\n            \r\n                     \r\n            <h2 class=\"Default h2-md none  wow perch-fadeInUp fadeInUp\" data-wow-delay=\"300ms\" data-wow-duration=\"1200ms\">Drapeaux du monde Quiz del Mondo<\/h2>\r\n            <p class=\"p-md  wow perch-fadeInUp fadeInUp\" data-wow-delay=\"400ms\" data-wow-duration=\"1200ms\">``Drapeaux du monde Quiz del Mondo`` est l'application ultime pour tester vos connaissances sur les drapeaux du monde entier.<\/p> \r\n            \r\n                        \r\n                        \r\n            \r\n                        \r\n                        \r\n            <div class=\"stores-badge  wow perch-fadeInUp fadeInUp\" data-wow-delay=\"500ms\" data-wow-duration=\"1200ms\">\r\n                <a target=\"_blank\"  href=\"https:\/\/apps.apple.com\/us\/app\/flags-learning-quiz\/id1658643940\"  title=\"Appstore\"  class=\"img-btn default-hover store btn-type-light\"><span><img src=\"https:\/\/flagsquiz.letovaltsev.com\/wp-content\/themes\/appset\/images\/appstore.png\" alt=\"Appstore\" class=\"store-btn\" width=\"160\"><\/span><\/a>\r\n                \r\n            <\/div>      \r\n        <\/div>[\/vc_column][\/vc_row][vc_row parallax_image_attachment=&#8221;inherit&#8221; el_class=&#8221;display-initial&#8221;][vc_column]\r\n        <div id=\"hero-9-img\" class=\"hero-img hero-9-image  wow perch-fadeInUp fadeInUp hero-9-img\" data-wow-delay=\"300ms\" data-wow-duration=\"1200ms\"> \r\n        <img class=\"vc_single_image-img img-fluid\"  src=\"http:\/\/flagsquiz.letovaltsev.com\/wp-content\/uploads\/2023\/07\/main_flags_quiz.png\" alt=\"External image\" \/>\r\n        <\/div>[\/vc_column][\/vc_row][\/vc_section][vc_section bg_class=&#8221;bg-tra&#8221; parallax_image_attachment=&#8221;inherit&#8221; padding_class=&#8221;&#8221;][vc_row][vc_column][\/vc_column][\/vc_row][\/vc_section][vc_section parallax_image_attachment=&#8221;inherit&#8221; padding_top=&#8221;pt-100&#8243; padding_class=&#8221;&#8221;][vc_row][vc_column][vc_column_text]<\/p>\n<p>&nbsp;<\/p>\n<p>Bienvenue dans l&#8217;application &#8220;Quiz d&#8217;apprentissage des drapeaux&#8221; ! Plongez dans l&#8217;univers des drapeaux du monde entier et testez vos connaissances avec ce quiz captivant. Explorez plus de 200 pays, d\u00e9couvrez les symboles nationaux et approfondissez votre compr\u00e9hension des diff\u00e9rentes cultures.<\/p>\n<p>Caract\u00e9ristiques cl\u00e9s de l&#8217;application &#8220;Quiz d&#8217;apprentissage des drapeaux&#8221; :<\/p>\n<p>1. Vaste base de donn\u00e9es de drapeaux : Explorez une collection exhaustive de drapeaux provenant de plus de 200 pays et territoires. Apprenez-en davantage sur les drapeaux nationaux, r\u00e9gionaux et historiques qui ont fa\u00e7onn\u00e9 les nations du monde.<\/p>\n<p>2. Quiz interactifs : Mettez \u00e0 l&#8217;\u00e9preuve votre connaissance des drapeaux gr\u00e2ce \u00e0 des quiz interactifs amusants. D\u00e9fiez-vous avec des questions \u00e0 choix multiples, des d\u00e9fis chronom\u00e9tr\u00e9s et des niveaux de difficult\u00e9 progressifs. Gagnez des points, suivez vos progr\u00e8s et visez une grande pr\u00e9cision.<\/p>\n<p>3. Interface conviviale : Profitez d&#8217;une navigation fluide et d&#8217;un design convivial sur notre application. Acc\u00e9dez facilement aux quiz, parcourez les collections de drapeaux et trouvez du contenu \u00e9ducatif en quelques clics seulement. Notre interface intuitive garantit une exp\u00e9rience d&#8217;apprentissage fluide et agr\u00e9able pour les utilisateurs de tous \u00e2ges.<\/p>\n<p>Pr\u00eat \u00e0 devenir un expert des drapeaux ? Rejoignez-nous sur l&#8217;application &#8220;Quiz d&#8217;apprentissage des drapeaux&#8221; et plongez dans l&#8217;univers captivant des symboles nationaux. Testez vos connaissances, \u00e9largissez votre compr\u00e9hension culturelle et laissez s&#8217;\u00e9veiller votre passion pour les drapeaux du monde entier. Commencez votre aventure d&#8217;apprentissage d\u00e8s maintenant et que l&#8217;exploration commence !<\/p>\n<p>[\/vc_column_text][\/vc_column][\/vc_row][\/vc_section][vc_row][vc_column][\/vc_column][\/vc_row]<\/p>\n<\/section>","protected":false},"excerpt":{"rendered":"<p>[vc_section enable_inner=&#8221;yes&#8221; section_type=&#8221;hero&#8221; hero_type=&#8221;9&#8243; inner_bg_class=&#8221;bg-lightgrey&#8221; parallax_image_attachment=&#8221;inherit&#8221; padding_class=&#8221;&#8221;][vc_row parallax_image_attachment=&#8221;inherit&#8221; el_id=&#8221;hero-9-content&#8221; el_class=&#8221;hero-9-text&#8221;][vc_column] Drapeaux du monde Quiz del Mondo &#8220;Drapeaux du monde Quiz del Mondo&#8220; est l&#8217;application ultime pour tester vos connaissances sur les drapeaux du monde entier. [\/vc_column][\/vc_row][vc_row parallax_image_attachment=&#8221;inherit&#8221; el_class=&#8221;display-initial&#8221;][vc_column] [\/vc_column][\/vc_row][\/vc_section][vc_section bg_class=&#8221;bg-tra&#8221;&#8230;<\/p>\n","protected":false},"author":1,"featured_media":0,"parent":0,"menu_order":0,"comment_status":"closed","ping_status":"closed","template":"","meta":[],"post_mailing_queue_ids":[],"_links":{"self":[{"href":"https:\/\/flagsquiz.letovaltsev.com\/wp-json\/wp\/v2\/pages\/597"}],"collection":[{"href":"https:\/\/flagsquiz.letovaltsev.com\/wp-json\/wp\/v2\/pages"}],"about":[{"href":"https:\/\/flagsquiz.letovaltsev.com\/wp-json\/wp\/v2\/types\/page"}],"author":[{"embeddable":true,"href":"https:\/\/flagsquiz.letovaltsev.com\/wp-json\/wp\/v2\/users\/1"}],"replies":[{"embeddable":true,"href":"https:\/\/flagsquiz.letovaltsev.com\/wp-json\/wp\/v2\/comments?post=597"}],"version-history":[{"count":13,"href":"https:\/\/flagsquiz.letovaltsev.com\/wp-json\/wp\/v2\/pages\/597\/revisions"}],"predecessor-version":[{"id":9040,"href":"https:\/\/flagsquiz.letovaltsev.com\/wp-json\/wp\/v2\/pages\/597\/revisions\/9040"}],"wp:attachment":[{"href":"https:\/\/flagsquiz.letovaltsev.com\/wp-json\/wp\/v2\/media?parent=597"}],"curies":[{"name":"wp","href":"https:\/\/api.w.org\/{rel}","templated":true}]}}